{"id":4012,"date":"2021-01-29T21:24:24","date_gmt":"2021-01-29T20:24:24","guid":{"rendered":"https:\/\/baumgartner.hr\/suzuki\/?page_id=4012"},"modified":"2024-10-30T14:56:50","modified_gmt":"2024-10-30T13:56:50","slug":"o-nama-2","status":"publish","type":"page","link":"https:\/\/baumgartner.hr\/suzuki\/o-nama-2\/","title":{"rendered":"Servis"},"content":{"rendered":"\n[et_pb_section fb_built=&#8221;1&#8243; _builder_version=&#8221;4.16&#8243; _module_preset=&#8221;default&#8221; global_colors_info=&#8221;{}&#8221;][et_pb_row _builder_version=&#8221;4.21.0&#8243; _module_preset=&#8221;default&#8221; min_height=&#8221;357px&#8221; global_colors_info=&#8221;{}&#8221;][et_pb_column type=&#8221;4_4&#8243; _builder_version=&#8221;4.21.0&#8243; _module_preset=&#8221;default&#8221; global_colors_info=&#8221;{}&#8221;][et_pb_image src=&#8221;https:\/\/baumgartner.hr\/suzuki\/wp-content\/uploads\/2024\/08\/SUZUKI-ACB-desk-var.gif&#8221; title_text=&#8221;SUZUKI-ACB-desk-var&#8221; _builder_version=&#8221;4.21.0&#8243; _module_preset=&#8221;default&#8221; global_colors_info=&#8221;{}&#8221;][\/et_pb_image][\/et_pb_column][\/et_pb_row][et_pb_row _builder_version=&#8221;4.16&#8243; _module_preset=&#8221;default&#8221; custom_margin=&#8221;-142px|auto||auto||&#8221; global_colors_info=&#8221;{}&#8221;][et_pb_column type=&#8221;4_4&#8243; _builder_version=&#8221;4.16&#8243; _module_preset=&#8221;default&#8221; global_colors_info=&#8221;{}&#8221;][et_pb_text _builder_version=&#8221;4.21.0&#8243; _module_preset=&#8221;default&#8221; text_font_size=&#8221;17px&#8221; text_line_height=&#8221;1.8em&#8221; global_colors_info=&#8221;{}&#8221;]<h2>Ovla\u0161teni Suzuki servis AC Baumgartner najsigurniji je servis<\/h2>[\/et_pb_text][\/et_pb_column][\/et_pb_row][et_pb_row column_structure=&#8221;3_5,2_5&#8243; _builder_version=&#8221;4.16&#8243; _module_preset=&#8221;default&#8221; global_colors_info=&#8221;{}&#8221;][et_pb_column type=&#8221;3_5&#8243; _builder_version=&#8221;4.16&#8243; _module_preset=&#8221;default&#8221; global_colors_info=&#8221;{}&#8221;][et_pb_text _builder_version=&#8221;4.16&#8243; _module_preset=&#8221;default&#8221; text_font_size=&#8221;17px&#8221; text_line_height=&#8221;1.8em&#8221; global_colors_info=&#8221;{}&#8221;]<h2>42 godi\u0161nje iskustvo u servisiranju vozila<\/h2>\n<h3><span>Servis po najvi\u0161im Suzuki standardima<\/span><\/h3>\n<p><span>Na\u0161i mehani\u010dari educirani su u posebnoj Suzuki akademiji te redovito poha\u0111aju seminare o najnovijim tehni\u010dkim uputama za odr\u017eavanje Suzuki vozila. Dugogodi\u0161nje iskustvo na\u0161ih mehani\u010dara, vrhunski alati i oprema te predanost poslu jam\u010de servis va\u0161eg vozila po najvi\u0161im standardima i pravilima Suzuki garancije. <\/span><\/p>\n<h3><span>Originalni Suzuki dijelovi<\/span><\/h3>\n<p><span>Radimo sa najkvalitetnijim orginalnim Suzuki dijelovima koji su specijalno dizajnirani za kvalitetu servisiranja Suzuki vozila. Omogu\u0107avamo jamstvo na dijelove i ugradnju od 12 mjeseci. Za rabljena vozila na izr\u010diti zahtjev korisnika vozila mo\u017eemo ugraditi i zamjenske dijelove. <\/span><\/p>\n<h3><span>Poseban popust na redoviti servis Suzuki vozila<\/span><\/h3>\n<p><span>Svoja Suzuki vozila servisirajte kod nas i nakon isteka garancije. Kako bi izbjegli nepotrebne vi\u0161estruke tro\u0161kove te nestru\u010dno odra\u0111en posao i ugradnju neoriginalnih rezervnih dijelova upitne kvalitete, na redovite servise odobravamo poseban popust. Brinemo o tome da va\u0161 Suzuki i nakon 3 godine starosti zadr\u017ei pouzdanost i sigurnost koje garantira ugradnja originalnih dijelova od strane vrhunski educiranog i kvalificiranog osoblja.<\/span><\/p>\n<h3><span>Hotel za gume<\/span><\/h3>\n<p><span>Svoje sezonske gume mo\u017eete skladi\u0161titi u na\u0161em Hotelu za gume. Kontaktirajte nas telefonski ili putem mail adrese te dogovorite \u010duvanje, kupnju ili zamjenu guma.<\/span><\/p>\n<h3><span>Kvalitetno ulje za va\u0161e Suzuki vozilo<\/span><\/h3>\n<p><span>Redovna promjena ulja va\u017ena je za svaki motor kako bi se zadr\u017eao njegov vijek, ekonomi\u010dnost, pravilan rad i kako se ne bi natalo\u017eile razne \u0161tetne tvari. Zato je va\u017eno po\u0161tivati intervale izmjene ulja preporu\u010dene od proizvo\u0111a\u010da. Preporu\u010damo novo originalno Suzukijevo potpuno sintetsko ulje razvijeno uporabom naprednih tehnologija koje daje najbolje rje\u0161enje za optimalan rad motora.\u00a0 Redovitim servisima i izmjenom kvalitetnog ulja najbolje brinete o svom motoru.<\/span><\/p>[\/et_pb_text][\/et_pb_column][et_pb_column type=&#8221;2_5&#8243; _builder_version=&#8221;4.16&#8243; _module_preset=&#8221;default&#8221; global_colors_info=&#8221;{}&#8221;][et_pb_image src=&#8221;https:\/\/baumgartner.hr\/suzuki\/wp-content\/uploads\/2024\/06\/342716470_3234891983469387_2412174459755388363_n.jpg&#8221; title_text=&#8221;342716470_3234891983469387_2412174459755388363_n&#8221; _builder_version=&#8221;4.21.0&#8243; _module_preset=&#8221;default&#8221; global_colors_info=&#8221;{}&#8221;][\/et_pb_image][et_pb_image src=&#8221;https:\/\/baumgartner.hr\/suzuki\/wp-content\/uploads\/2024\/06\/325f8e7a835623f218138ca6697860ee.jpg&#8221; title_text=&#8221;325f8e7a835623f218138ca6697860ee&#8221; _builder_version=&#8221;4.21.0&#8243; _module_preset=&#8221;default&#8221; global_colors_info=&#8221;{}&#8221;][\/et_pb_image][et_pb_image src=&#8221;https:\/\/baumgartner.hr\/suzuki\/wp-content\/uploads\/2024\/06\/servis-007.jpg&#8221; title_text=&#8221;servis 007&#8243; _builder_version=&#8221;4.21.0&#8243; _module_preset=&#8221;default&#8221; global_colors_info=&#8221;{}&#8221;][\/et_pb_image][\/et_pb_column][\/et_pb_row][et_pb_row column_structure=&#8221;1_2,1_2&#8243; _builder_version=&#8221;4.21.0&#8243; _module_preset=&#8221;default&#8221; width=&#8221;78%&#8221; custom_padding=&#8221;|2px||||&#8221; global_colors_info=&#8221;{}&#8221;][et_pb_column type=&#8221;1_2&#8243; _builder_version=&#8221;4.21.0&#8243; _module_preset=&#8221;default&#8221; global_colors_info=&#8221;{}&#8221;][et_pb_team_member name=&#8221;VEDRAN PANI\u0106&#8221; position=&#8221;Servisni savjetnik Suzuki&#8221; image_url=&#8221;https:\/\/baumgartner.hr\/suzuki\/wp-content\/uploads\/2024\/06\/Vedran-Panic-4H.jpg&#8221; _builder_version=&#8221;4.27.2&#8243; _module_preset=&#8221;default&#8221; width=&#8221;50.8%&#8221; min_height=&#8221;381px&#8221; custom_padding=&#8221;4px||0px|||&#8221; hover_enabled=&#8221;0&#8243; global_colors_info=&#8221;{}&#8221; sticky_enabled=&#8221;0&#8243;]<p><a href=\"tel:+385%2040 328 903\">+385 40 328 903<\/a><br \/><a href=\"tel:+385%2095 901 92 67\">+385 95 901 92 67<\/a><br \/><a href=\"mailto:vedran.panic@ac-baumgartner.hr\">vedran.panic@ac-baumgartner.hr<\/a><\/p>[\/et_pb_team_member][\/et_pb_column][et_pb_column type=&#8221;1_2&#8243; _builder_version=&#8221;4.21.0&#8243; _module_preset=&#8221;default&#8221; global_colors_info=&#8221;{}&#8221;][et_pb_team_member name=&#8221;MARIO NOVINI\u0106&#8221; position=&#8221;Servisni savjetnik Suzuki&#8221; image_url=&#8221;https:\/\/baumgartner.hr\/suzuki\/wp-content\/uploads\/2024\/06\/Mario-Novinic-4I-1.jpg&#8221; _builder_version=&#8221;4.27.2&#8243; _module_preset=&#8221;default&#8221; custom_margin=&#8221;||-114px|||&#8221; custom_padding=&#8221;0px|120px|0px|7px||&#8221; hover_enabled=&#8221;0&#8243; global_colors_info=&#8221;{}&#8221; sticky_enabled=&#8221;0&#8243;]<p><a href=\"tel:+385%2040 328 903\">+385 40 328 903<\/a><br \/><a href=\"tel:+385%2091 9494 548\">+385 91 9494 548<\/a><br \/><a href=\"mailto:mario.novinic@ac-baumgartner.hr\">mario.novinic@ac-baumgartner.hr<\/a><\/p>[\/et_pb_team_member][\/et_pb_column][\/et_pb_row][\/et_pb_section]\n","protected":false},"excerpt":{"rendered":"<p>Ovla\u0161teni smo BMW servis s originalnim BMW dijelovima te Suzuki prodajno mjesto i ovla\u0161teni servis.<\/p>\n","protected":false},"author":1,"featured_media":4013,"parent":0,"menu_order":0,"comment_status":"closed","ping_status":"closed","template":"","meta":{"_acf_changed":false,"_et_pb_use_builder":"on","_et_pb_old_content":"","_et_gb_content_width":"","footnotes":""},"class_list":["post-4012","page","type-page","status-publish","has-post-thumbnail","hentry"],"acf":[],"_links":{"self":[{"href":"https:\/\/baumgartner.hr\/suzuki\/wp-json\/wp\/v2\/pages\/4012"}],"collection":[{"href":"https:\/\/baumgartner.hr\/suzuki\/wp-json\/wp\/v2\/pages"}],"about":[{"href":"https:\/\/baumgartner.hr\/suzuki\/wp-json\/wp\/v2\/types\/page"}],"author":[{"embeddable":true,"href":"https:\/\/baumgartner.hr\/suzuki\/wp-json\/wp\/v2\/users\/1"}],"replies":[{"embeddable":true,"href":"https:\/\/baumgartner.hr\/suzuki\/wp-json\/wp\/v2\/comments?post=4012"}],"version-history":[{"count":18,"href":"https:\/\/baumgartner.hr\/suzuki\/wp-json\/wp\/v2\/pages\/4012\/revisions"}],"predecessor-version":[{"id":8217,"href":"https:\/\/baumgartner.hr\/suzuki\/wp-json\/wp\/v2\/pages\/4012\/revisions\/8217"}],"wp:featuredmedia":[{"embeddable":true,"href":"https:\/\/baumgartner.hr\/suzuki\/wp-json\/wp\/v2\/media\/4013"}],"wp:attachment":[{"href":"https:\/\/baumgartner.hr\/suzuki\/wp-json\/wp\/v2\/media?parent=4012"}],"curies":[{"name":"wp","href":"https:\/\/api.w.org\/{rel}","templated":true}]}}