{"id":3584,"date":"2020-12-23T13:00:19","date_gmt":"2020-12-23T12:00:19","guid":{"rendered":"https:\/\/baumgartner.hr\/suzuki\/?page_id=3584"},"modified":"2020-12-23T13:03:15","modified_gmt":"2020-12-23T12:03:15","slug":"politika-privatnosti","status":"publish","type":"page","link":"https:\/\/baumgartner.hr\/suzuki\/politika-privatnosti\/","title":{"rendered":"Politika privatnosti"},"content":{"rendered":"<p>[et_pb_section fb_built=&#8221;1&#8243; _builder_version=&#8221;4.6.6&#8243; _module_preset=&#8221;default&#8221;][et_pb_row _builder_version=&#8221;4.6.6&#8243; _module_preset=&#8221;default&#8221;][et_pb_column type=&#8221;4_4&#8243; _builder_version=&#8221;4.6.6&#8243; _module_preset=&#8221;default&#8221;][et_pb_text _builder_version=&#8221;4.6.6&#8243; _module_preset=&#8221;default&#8221; text_font_size=&#8221;17px&#8221; text_line_height=&#8221;1.8em&#8221; hover_enabled=&#8221;0&#8243; sticky_enabled=&#8221;0&#8243;]<\/p>\n<h2>Politika privatnosti<\/h2>\n<p><strong><span>AC Baumgartner d.o.o. obvezuje se na za\u0161titu va\u0161ih osobnih podatka. <\/span><\/strong><\/p>\n<p><strong><span>Osobne podatke ponajprije prikupljamo radi:<\/span><\/strong><\/p>\n<ul>\n<li><span>\u0161to u\u010dinkovitijeg odgovora na va\u0161 upit<\/span><\/li>\n<li><span>osiguranja pru\u017eanja tra\u017eene usluge<\/span><\/li>\n<li><span>promocije na\u0161ih usluga<\/span><\/li>\n<li><span>na\u0161e interne statisti\u010dke obrade podataka<\/span><\/li>\n<li><span>mogu\u0107nosti slanja publikacija, bro\u0161ura i drugih promid\u017ebenih materijala<\/span><\/li>\n<\/ul>\n<p><strong><span>Podaci pokriveni sustavom Politike za\u0161tite osobnih podataka (Politike privatnosti):<\/span><\/strong><\/p>\n<ul>\n<li><span>ime i prezime<\/span><\/li>\n<li><span>datum ro\u0111enja<\/span><\/li>\n<li><span>adresa<\/span><\/li>\n<li><span>e-adresa<\/span><\/li>\n<li><span>broj telefona i\/ili faksa<\/span><\/li>\n<li><span>ostali podaci koje nam napomenete, a \u017eelite da ostanu tajni<\/span><\/li>\n<\/ul>\n<p><strong><span>Vrijeme trajanja Politike privatnosti<\/span><\/strong><\/p>\n<p><span>U trenutku dostavljanja va\u0161ih podataka vi pristajete da kontaktiramo s vama te ulazite na na\u0161u mailing listu \u2013 trenutak ulaska va\u0161 je izri\u010dit pristanak na kontakt. Za\u0161tita je privatnosti va\u0161ih podataka trajna, a u svakom trenutku mo\u017eete tra\u017eiti isklju\u010denje s na\u0161e mailing liste. Nakon toga podaci se vi\u0161e ne koriste od strane AC Baumgartner d.o.o., osim za interne svrhe, npr. radi informati\u010dke ili statisti\u010dke obrade podataka.<\/span><\/p>\n<p><strong><span>Sadr\u017eaj Politike privatnosti<\/span><\/strong><\/p>\n<p><span>Va\u0161u e-adresu i ostale podatke ne prodajemo, ne iznajmljujemo i ne stavljamo tre\u0107im pravnim i fizi\u010dkim osobama na raspolaganje bez va\u0161eg pristanka jer je to protivno na\u0161oj politici o privatnosti. AC Baumgartner d.o.o dr\u017ei se stroge politike \u201cno spam\u201d. Tra\u017eimo va\u0161e posebno dopu\u0161tenje ako \u017eelite da kontaktiramo s vama glede specijalnih ponuda i akcija. AC Baumgartner d.o.o ne odgovara za slu\u010dajnu pogre\u0161ku ili pogre\u0161ku zbog vi\u0161e sile ili drugih objektivnih okolnosti kojima se uzrokuje slu\u010dajno kr\u0161enje zajam\u010dene za\u0161tite va\u0161ih podataka, ali jam\u010di da \u0107e pogre\u0161ka biti otklonjena, ako je to mogu\u0107e, \u010dim prije.<\/span><\/p>\n<p><span>Prikupljamo samo one osobne podatke koji su nam dobrovoljno dostavljeni. Ne zahtijevamo od vas da nam po\u0161aljete te podatke kako bismo vam omogu\u0107ili pristup na svoje stranice i ne tra\u017eimo da otkrijete vi\u0161e podataka no \u0161to je doista potrebno za sudjelovanje u nekoj aktivnosti na na\u0161im stranicama. Ne prodajemo, ne prenosimo i ne otkrivamo podatke koje prikupimo na svojim internetskim stranicama nikome izvan dru\u0161tva AC Baumgartner d.o.o osim:<\/span><\/p>\n<ul>\n<li><span>u slu\u010dajevima kada je to potrebno radi izvr\u0161avanja na\u0161ih zakonskih obveza,<\/span><\/li>\n<li><span>u slu\u010dajevima kada je to potrebno radi za\u0161tite va\u0161eg \u017eivota ili tjelesnog integriteta, a vi niste u mogu\u0107nosti dati svoj pristanak za obradu svojih osobnih podataka,<\/span><\/li>\n<li><span>u slu\u010dajevima kada je to nu\u017eno radi ispunjenja zadataka koji se izvr\u0161avaju u javnom interesu,<\/span><\/li>\n<li><span>u slu\u010dajevima kada ste vi sami objavili te podatke ( \u010dl. 7., st. 3., to\u010d. 1., 2., 3. i 4. Zakona o za\u0161titi osobnih podataka ),<\/span><\/li>\n<li><span>u slu\u010dajevima kad je uklju\u010denost druge strane neophodna za ispravno funkcioniranje stranica. U takvim slu\u010dajevima, a prije dostave osobnih podataka, druga se strana AC Baumgartner d.o.o obvezuje na \u010duvanje poslovne tajne,<\/span><\/li>\n<li><span>u slu\u010daju eventualne prodaje ili pravnog sljedni\u0161tva AC Baumgartner d.o.o zadr\u017eavamo pravo prodaje ili preno\u0161enja va\u0161ih podataka tre\u0107oj strani koja:<\/span>\n<ol>\n<li><span>provodi svoje poslovanje u okviru sli\u010dnih aktivnosti ili usluga,<\/span><\/li>\n<li><span>pristaje biti slijednik \u0160kojo d.o.o. u pogledu o\u010duvanja i za\u0161tite prikupljenih podataka,<\/span><\/li>\n<li><span>pristaje na obveze ove politike o za\u0161titi osobnih podataka.<\/span><\/li>\n<\/ol>\n<\/li>\n<\/ul>\n<p><span>Popunjavaju\u0107i formulare na na\u0161oj stranici jam\u010dite da su informacije koje ste prilo\u017eili to\u010dne te da ste u cijelosti suglasni s odredbama na\u0161e Politike privatnosti i u njoj navedenim uvjetima.<\/span><\/p>\n<p><strong><span>Tajnost podataka<\/span><\/strong><\/p>\n<p><span>\u017delimo jasno re\u0107i da prilikom posjeta ovim stranicama va\u0161i osobni podaci ostaju tajni, osim ako ih ne \u017eelite dobrovoljno otkriti. Obvezujemo se da drugim stranama ne\u0107emo otkrivati podatke koje smo zaprimili, osim u slu\u010dajevima navedenima u prethodnome poglavlju.<\/span><\/p>\n<p><strong><span>Statistika poslu\u017eitelja<\/span><\/strong><\/p>\n<p><span>Na\u0161 poslu\u017eitelj globalne mre\u017ee koristi statisti\u010dki softver. Ti su programi standardno obilje\u017eje svih internetskih poslu\u017eitelja i nisu karakteristi\u010dni samo za na\u0161e stranice. Takvi statisti\u010dki programi omogu\u0107uju nam da svoje stranice prilagodimo na na\u010din da budu \u0161to efikasnije i jednostavnije za na\u0161e posjetitelje (utvr\u0111ivanje podataka koji najvi\u0161e ili najmanje zanimaju na\u0161e korisnike, prilago\u0111avanje stranica za pojedine internetske preglednike, u\u010dinkovitost strukture na\u0161e lokacije te posje\u0107enost na\u0161ih stranica.)<\/span><\/p>\n<p><strong><span>Upotreba kola\u010di\u0107a (Cookies)<\/span><\/strong><\/p>\n<p><span>Kako bi se olak\u0161alo pregledavanje na\u0161ih internetskih stranica, na\u0161 poslu\u017eitelj globalne mre\u017ee koristi kola\u010di\u0107e. Radi se o jako malim tekstualnim datotekama koje poslu\u017eitelj postavlja na ra\u010dunalo korisnika u svrhu pra\u0107enja statistike na\u0161ih stranica. Kola\u010di\u0107i se ne mogu koristiti za pokretanje programa ili postavljanje virusa na va\u0161e ra\u010dunalo. Pregled na\u0161ih stranica mogu\u0107 je i bez uporabe kola\u010di\u0107a, ako je va\u0161 internetski preglednik tako pode\u0161en.<\/span><\/p>\n<p><strong><span>Poruka elektroni\u010dkom po\u0161tom<\/span><\/strong><\/p>\n<p><span>Kada nam \u0161aljete elektroni\u010dku po\u0161tu (e-po\u0161tu) s osobnim podacima po kojima vas je mogu\u0107e identificirati, bilo putem e-po\u0161te s pitanjem ili komentarom, ili obrascem koji nam dostavljate elektroni\u010dkom po\u0161tom, mi te podatke koristimo u svrhu ispunjenja va\u0161ih zahtjeva.<\/span><\/p>\n<p><strong><span>Sigurnost podataka<\/span><\/strong><\/p>\n<p><span>Radi sigurnosti podataka na ovoj adresi te kako bismo osigurali da ova usluga bude pristupa\u010dna svim korisnicima, ovaj ra\u010dunalni sustav koristi softver koji prati posjete na mre\u017ei te prepoznaju neovla\u0161tene poku\u0161aje otpreme ili izmjene podataka, kao i one koji bi mogli prouzro\u010diti \u0161tetu na neki drugi na\u010din. Neovla\u0161teni poku\u0161aji otpreme ili izmjene podataka na ovoj lokaciji strogo su zabranjeni.<\/span><\/p>\n<p><strong><span>Ankete i upitnici<\/span><\/strong><\/p>\n<p><span>Povremeno na svojim stranicama provodimo ankete i upitnike. Podaci koje prikupimo tim anketama i upitnicima koriste se isklju\u010divo za potrebe AC Baumgartner d.o.o o. Ako na nekoj na\u0161oj stranici objavimo uzorak odgovora na anketu, takav uzorak ne sadr\u017eava osobne podatke.<\/span><\/p>\n<p><strong><span>Za\u0161tita osobnih podataka djece<\/span><\/strong><\/p>\n<p><span>U neposrednoj komunikaciji s djecom preko interneta uvi\u0111amo jedinstvene probleme koje predstavlja za\u0161tita njihove privatnosti. Na\u0161e internetske stranice koje bi mogle privu\u0107i djecu i koje eventualno prikupljaju osobne podatke djece mla\u0111e od 14 godina, izra\u0111ene su u namjeri da u najve\u0107oj mogu\u0107oj mjeri \u0161tite prava djece i njihovu privatnost. Sukladno toj namjeri i nastojanju mi: <\/span><\/p>\n<ul>\n<li><span>NE prikupljamo, NE koristimo i NE otkrivamo podatke s pomo\u0107u kojih se mo\u017ee kontaktirati s djecom preko interneta, osim u slu\u010daju promid\u017ebenih igara na internetu. Takvi podaci za kontaktiranje preko interneta koriste se bez dopu\u0161tenja roditelja samo za neposredno odgovaranje na djetetov zahtjev i ne\u0107e se koristiti ni za kakve druge namjene;<\/span><\/li>\n<li><span>NE prikupljamo osobne podatke za kontaktiranje izvan interneta, osim radi dodjele nagrada, a i tada samo uz dopu\u0161tenje roditelja;<\/span><\/li>\n<li><span>NE dostavljamo tre\u0107im osobama nikakve osobne podatke bez prethodne dozvole roditelja;<\/span><\/li>\n<li><span>NE omogu\u0107ujemo djeci da, bez dopu\u0161tenja roditelja, javno objavljuju ili na drugi na\u010din distribuiraju osobne podatke ili druge materijale koje nam \u0161alju s pomo\u0107u kojih ih se mo\u017ee kontaktirati i ne poti\u010demo djecu da, radi sudjelovanja u nagradnoj igri ili nekoj drugoj aktivnosti, otkriju vi\u0161e podataka no \u0161to je potrebno za sudjelovanje u doti\u010dnoj aktivnosti.<\/span><\/li>\n<\/ul>\n<p><span>U slu\u010dajevima kada je djeci mla\u0111oj od 14 godina dopu\u0161teno sudjelovati u nagradnim igrama, zahtijevamo od djeteta da prvo zatra\u017ei dopu\u0161tenje za sudjelovanje od svojih roditelja ili zakonskih zastupnika te da upi\u0161e e-adresu svojih roditelja ili zastupnika.<\/span><\/p>\n<p><span>Ako dijete mla\u0111e od 14 godina osvoji neku nagradu, o tome se elektroni\u010dkom po\u0161tom, telefonom ili pismenim putem obavje\u0161tavaju roditelji ili staratelji. Osobni podaci djeteta i roditelja bri\u0161u se iz na\u0161e baze podataka ako roditelji to od nas zatra\u017ee.<\/span><\/p>\n<p><span>Kao roditelj ili staratelj uvijek imate pravo zatra\u017eiti uvid u sve osobne podatke o svom djetetu koje smo dobili na nekoj od na\u0161ih stranica, mo\u017eete zahtijevati brisanje podataka (ako se ti podaci jo\u0161 uvijek nalaze u na\u0161oj bazi podataka), i\/ili nam zabraniti budu\u0107e sakupljanje i kori\u0161tenje podataka o va\u0161em djetetu. Ako ste roditelj i \u017eelite ostvariti to pravo, javite nam se.<\/span><\/p>\n<p><span>Osim navedene, AC Baumgartner d.o.o. jam\u010di za\u0161titu osobnih podataka djece predvi\u0111ene posebnim zakonima koji ure\u0111uju to pitanje.<\/span><\/p>\n<p><strong><span>Kontrola<\/span><\/strong><span>\u00a0<\/span><\/p>\n<p><span>Mo\u017eete u svako doba zatra\u017eiti pregled svih osobnih podataka koje smo od vas dobili na jednoj od na\u0161ih adresa na mre\u017ei. Mo\u017eemo na va\u0161 zahtjev a\u017eurirati, ispraviti ili brisati te podatke (ako se doti\u010dni podaci jo\u0161 uvijek nalaze u na\u0161im bazama podataka), ili ubudu\u0107e prestati koristiti te podatke. Ako \u017eelite ostvariti to pravo, jednostavno nam se javite.<\/span><\/p>\n<p><strong><span>Poveznice<\/span><\/strong><\/p>\n<p><span>\u010cinimo sve \u0161to je u na\u0161oj mo\u0107i kako bismo osigurali da sva preusmjeravanja s na\u0161ih internetskih stranica upute vas i\/ili va\u0161e dijete na internetske stranice \u010diji je sadr\u017eaj kvalitetan u smislu da ne poti\u010de negativnosti. Me\u0111utim, stranice i adrese na mre\u017ei brzo se mijenjaju i ne mo\u017eemo uvijek jam\u010diti za sadr\u017eaj svake adrese na koju vas usmjerimo.<\/span><\/p>\n<p><span>Ako imate bilo kakva pitanja ili dvojbe u vezi s na\u0161om Politikom za\u0161tite osobnih podataka, ili u vezi sa svojim iskustvima s ovom internetskom adresom, molimo vas da nam se javite.<\/span><\/p>\n<p><strong><span>Promjene i prestanak uvjeta kori\u0161tenja<\/span><\/strong><\/p>\n<p><span>AC Baumgartner d.o.o. pridr\u017eava pravo izmjene ili prekida svih ili bilo kojeg dijela ove internetske lokacije te uvjeta kori\u0161tenja u bilo kojem trenutku. Promjene stupaju na snagu objavljivanjem na ovoj adresi ili kada su korisnici o njima obavije\u0161teni. Uvjeti kori\u0161tenja primjenjuju se do raskida istih od va\u0161e strane ili od strane AC Baumgartner d.o.o. Va\u0161 raskid, mogu\u0107 u bilo kojem trenutku, zna\u010di prestanak kori\u0161tenja ovih stranica i poni\u0161tenje svih materijala i sadr\u017eaja preuzetih i kori\u0161tenih s iste internetske lokacije.<\/span><\/p>\n<p>[\/et_pb_text][\/et_pb_column][\/et_pb_row][\/et_pb_section]<\/p>\n","protected":false},"excerpt":{"rendered":"<p>Ovla\u0161teni smo BMW servis s originalnim BMW dijelovima te Suzuki prodajno mjesto i ovla\u0161teni servis.<\/p>\n","protected":false},"author":1,"featured_media":2029,"parent":0,"menu_order":0,"comment_status":"closed","ping_status":"closed","template":"","meta":{"_acf_changed":false,"_et_pb_use_builder":"on","_et_pb_old_content":"","_et_gb_content_width":"","footnotes":""},"class_list":["post-3584","page","type-page","status-publish","has-post-thumbnail","hentry"],"acf":[],"_links":{"self":[{"href":"https:\/\/baumgartner.hr\/suzuki\/wp-json\/wp\/v2\/pages\/3584"}],"collection":[{"href":"https:\/\/baumgartner.hr\/suzuki\/wp-json\/wp\/v2\/pages"}],"about":[{"href":"https:\/\/baumgartner.hr\/suzuki\/wp-json\/wp\/v2\/types\/page"}],"author":[{"embeddable":true,"href":"https:\/\/baumgartner.hr\/suzuki\/wp-json\/wp\/v2\/users\/1"}],"replies":[{"embeddable":true,"href":"https:\/\/baumgartner.hr\/suzuki\/wp-json\/wp\/v2\/comments?post=3584"}],"version-history":[{"count":2,"href":"https:\/\/baumgartner.hr\/suzuki\/wp-json\/wp\/v2\/pages\/3584\/revisions"}],"predecessor-version":[{"id":3587,"href":"https:\/\/baumgartner.hr\/suzuki\/wp-json\/wp\/v2\/pages\/3584\/revisions\/3587"}],"wp:featuredmedia":[{"embeddable":true,"href":"https:\/\/baumgartner.hr\/suzuki\/wp-json\/wp\/v2\/media\/2029"}],"wp:attachment":[{"href":"https:\/\/baumgartner.hr\/suzuki\/wp-json\/wp\/v2\/media?parent=3584"}],"curies":[{"name":"wp","href":"https:\/\/api.w.org\/{rel}","templated":true}]}}