{"id":2195,"date":"2020-12-07T12:56:55","date_gmt":"2020-12-07T11:56:55","guid":{"rendered":"http:\/\/baumgartner.hr\/suzuki\/?page_id=2195"},"modified":"2025-11-19T10:06:11","modified_gmt":"2025-11-19T09:06:11","slug":"suzuki-sx4-s-cross","status":"publish","type":"page","link":"https:\/\/baumgartner.hr\/suzuki\/suzuki-sx4-s-cross\/","title":{"rendered":"Suzuki SX4 S-CROSS"},"content":{"rendered":"<p>[et_pb_section fb_built=&#8221;1&#8243; _builder_version=&#8221;4.16&#8243; _module_preset=&#8221;default&#8221; background_image=&#8221;https:\/\/baumgartner.hr\/suzuki\/wp-content\/uploads\/2021\/11\/key_img05-1.jpg&#8221; global_colors_info=&#8221;{}&#8221;][et_pb_row _builder_version=&#8221;4.16&#8243; _module_preset=&#8221;default&#8221; custom_padding=&#8221;383px|||||&#8221; global_colors_info=&#8221;{}&#8221;][et_pb_column type=&#8221;4_4&#8243; _builder_version=&#8221;4.16&#8243; _module_preset=&#8221;default&#8221; global_colors_info=&#8221;{}&#8221;][et_pb_text _builder_version=&#8221;4.16&#8243; _module_preset=&#8221;default&#8221; header_text_color=&#8221;#ffffff&#8221; header_font_size=&#8221;73px&#8221; global_colors_info=&#8221;{}&#8221;]<\/p>\n<h1 class=\"title\">SX4 S-CROSS<\/h1>\n<p>[\/et_pb_text][\/et_pb_column][\/et_pb_row][\/et_pb_section][et_pb_section fb_built=&#8221;1&#8243; _builder_version=&#8221;4.16&#8243; _module_preset=&#8221;default&#8221; global_colors_info=&#8221;{}&#8221;][et_pb_row column_structure=&#8221;1_4,3_4&#8243; _builder_version=&#8221;4.16&#8243; _module_preset=&#8221;default&#8221; global_colors_info=&#8221;{}&#8221;][et_pb_column type=&#8221;1_4&#8243; _builder_version=&#8221;4.16&#8243; _module_preset=&#8221;default&#8221; global_colors_info=&#8221;{}&#8221;][et_pb_button button_url=&#8221;https:\/\/baumgartner.hr\/suzuki\/wp-content\/uploads\/2025\/11\/Price-list-with-equipment-2024-05-24-new-Swift_new-Vitara_new-S-Cross1.xlsx&#8221; url_new_window=&#8221;on&#8221; button_text=&#8221;Preuzmi cjenik&#8221; _builder_version=&#8221;4.27.2&#8243; _module_preset=&#8221;default&#8221; custom_button=&#8221;on&#8221; button_text_size=&#8221;20px&#8221; button_text_color=&#8221;#ffffff&#8221; button_bg_color=&#8221;#0c71c3&#8243; button_border_color=&#8221;rgba(0,0,0,0)&#8221; button_use_icon=&#8221;off&#8221; hover_enabled=&#8221;0&#8243; global_module=&#8221;7327&#8243; saved_tabs=&#8221;all&#8221; global_colors_info=&#8221;{}&#8221; sticky_enabled=&#8221;0&#8243;][\/et_pb_button][et_pb_gallery gallery_ids=&#8221;7323&#8243; _builder_version=&#8221;4.18.0&#8243; _module_preset=&#8221;default&#8221; global_colors_info=&#8221;{}&#8221;][\/et_pb_gallery][\/et_pb_column][et_pb_column type=&#8221;3_4&#8243; _builder_version=&#8221;4.16&#8243; _module_preset=&#8221;default&#8221; global_colors_info=&#8221;{}&#8221;][et_pb_text _builder_version=&#8221;4.21.0&#8243; _module_preset=&#8221;default&#8221; text_font_size=&#8221;20px&#8221; custom_padding=&#8221;30px||30px||true|false&#8221; border_width_top=&#8221;2px&#8221; border_width_bottom=&#8221;2px&#8221; global_colors_info=&#8221;{}&#8221;]<\/p>\n<p><a href=\"#dizajn\"><span style=\"color: #000000;\">DIZAJN<\/span><\/a><span style=\"color: #000000;\">\u00a0 \u00a0 \u00a0<a href=\"#tehnika\" style=\"color: #000000;\">TEHNIKA<\/a>\u00a0 \u00a0 \u00a0<a href=\"#sigurnost\" style=\"color: #000000;\">SIGURNOST<\/a>\u00a0 \u00a0 \u00a0<a href=\"https:\/\/www.suzuki.hr\/wp-content\/uploads\/2020\/05\/SCROSS-2020-WEB.pdf\" target=\"_blank\" rel=\"noopener noreferrer\" style=\"color: #000000;\">KATALOG(.pdf)\u00a0 \u00a0<\/a> <a href=\"https:\/\/www.suzuki.hr\/wp-content\/uploads\/2020\/02\/SX4_S-Cross-HYBRID.pdf\" style=\"color: #000000;\">\u00a0TEHNI\u010cKE SPECIFIKACIJE<\/a><\/span><\/p>\n<p>[\/et_pb_text][\/et_pb_column][\/et_pb_row][\/et_pb_section][et_pb_section fb_built=&#8221;1&#8243; _builder_version=&#8221;4.16&#8243; _module_preset=&#8221;default&#8221; custom_padding=&#8221;0px|||||&#8221; global_colors_info=&#8221;{}&#8221;][et_pb_row column_structure=&#8221;2_5,3_5&#8243; module_id=&#8221;dizajn&#8221; _builder_version=&#8221;4.16&#8243; _module_preset=&#8221;default&#8221; global_colors_info=&#8221;{}&#8221;][et_pb_column type=&#8221;2_5&#8243; _builder_version=&#8221;4.16&#8243; _module_preset=&#8221;default&#8221; global_colors_info=&#8221;{}&#8221;][et_pb_text _builder_version=&#8221;4.16&#8243; _module_preset=&#8221;default&#8221; header_font=&#8221;|300|||||||&#8221; header_font_size=&#8221;50px&#8221; global_colors_info=&#8221;{}&#8221;]<\/p>\n<h1>DIZAJN<\/h1>\n<p>Svojim nastupom, novi SX4 S-CROSS iskazuje \u017ee\u0111 za avanturom, dok sna\u017enim i sigurnim stavom, odra\u017eava karakter to\u010dno onakav kakav on ustvari i jest. Svojim robusnim prednjim krajem izaziva popularne SUVove, do\u010dim svojim unutarnjim dizajnom tek korisnicima pokazuje svoje velike vrijednosti i apsolutnu superiornost. Pun dinamike, snage i prostranosti, ro\u0111en je novi istra\u017eiva\u010d.<\/p>\n<p>[\/et_pb_text][\/et_pb_column][et_pb_column type=&#8221;3_5&#8243; _builder_version=&#8221;4.16&#8243; _module_preset=&#8221;default&#8221; global_colors_info=&#8221;{}&#8221;][et_pb_image src=&#8221;https:\/\/baumgartner.hr\/suzuki\/wp-content\/uploads\/2021\/12\/tiles-fade-tags_img0-1024&#215;501-1.jpg&#8221; title_text=&#8221;tiles-fade-tags_img0-1024&#215;501&#8243; _builder_version=&#8221;4.16&#8243; _module_preset=&#8221;default&#8221; global_colors_info=&#8221;{}&#8221;][\/et_pb_image][\/et_pb_column][\/et_pb_row][et_pb_row _builder_version=&#8221;4.16&#8243; _module_preset=&#8221;default&#8221; global_colors_info=&#8221;{}&#8221;][et_pb_column type=&#8221;4_4&#8243; _builder_version=&#8221;4.16&#8243; _module_preset=&#8221;default&#8221; global_colors_info=&#8221;{}&#8221;][et_pb_image src=&#8221;https:\/\/baumgartner.hr\/suzuki\/wp-content\/uploads\/2021\/12\/tiles_img0-1024&#215;441-1-e1638960321705.jpg&#8221; title_text=&#8221;tiles_img0-1024&#215;441&#8243; _builder_version=&#8221;4.16&#8243; _module_preset=&#8221;default&#8221; global_colors_info=&#8221;{}&#8221;][\/et_pb_image][\/et_pb_column][\/et_pb_row][et_pb_row column_structure=&#8221;2_5,3_5&#8243; module_id=&#8221;tehnika&#8221; _builder_version=&#8221;4.16&#8243; _module_preset=&#8221;default&#8221; global_colors_info=&#8221;{}&#8221;][et_pb_column type=&#8221;2_5&#8243; _builder_version=&#8221;4.16&#8243; _module_preset=&#8221;default&#8221; global_colors_info=&#8221;{}&#8221;][et_pb_text _builder_version=&#8221;4.16&#8243; _module_preset=&#8221;default&#8221; header_font=&#8221;|300|||||||&#8221; header_font_size=&#8221;50px&#8221; global_colors_info=&#8221;{}&#8221;]<\/p>\n<h1>TEHNIKA<\/h1>\n<div class=\"header-car\">\n<div class=\"header-img\">\n<div class=\"header-text\">\n<p class=\"subtitle\">Suzuki SX4 S-CROSS u vo\u017enji uvijek ostvaruje dobar kontakt s podlogom. Izazove razli\u010ditih podloga, kao i svih vremenskih uvjeta, novi SX4 S-CROSS povla\u010di iz legendarnih Suzukijevih SUV gena, koje nadopunjuje najmodernijom tehnologijom. Stoga, novi SX4 S-CROSS predstavlja jedinstven spoj cestovnih i terenskih mogu\u0107nosti, a da nijedna opcija nije ozbiljnije naru\u0161ena, a povjerenje koje pritom do\u017eivljavate kreira jednu novu razinu svakodnevne agilnosti i u\u010dinkovitosti.<\/p>\n<\/div>\n<\/div>\n<\/div>\n<div class=\"submenu\">\n<div class=\"submenu_links\"><\/div>\n<\/div>\n<p>[\/et_pb_text][\/et_pb_column][et_pb_column type=&#8221;3_5&#8243; _builder_version=&#8221;4.16&#8243; _module_preset=&#8221;default&#8221; global_colors_info=&#8221;{}&#8221;][et_pb_image src=&#8221;https:\/\/baumgartner.hr\/suzuki\/wp-content\/uploads\/2021\/11\/key_img11-1.jpg&#8221; title_text=&#8221;key_img11&#8243; _builder_version=&#8221;4.16&#8243; _module_preset=&#8221;default&#8221; global_colors_info=&#8221;{}&#8221;][\/et_pb_image][\/et_pb_column][\/et_pb_row][et_pb_row _builder_version=&#8221;4.16&#8243; _module_preset=&#8221;default&#8221; global_colors_info=&#8221;{}&#8221;][et_pb_column type=&#8221;4_4&#8243; _builder_version=&#8221;4.16&#8243; _module_preset=&#8221;default&#8221; global_colors_info=&#8221;{}&#8221;][et_pb_image src=&#8221;https:\/\/baumgartner.hr\/suzuki\/wp-content\/uploads\/2021\/12\/gallery-slider_img3-1.jpg&#8221; title_text=&#8221;gallery-slider_img3-1&#8243; _builder_version=&#8221;4.16&#8243; _module_preset=&#8221;default&#8221; global_colors_info=&#8221;{}&#8221;][\/et_pb_image][\/et_pb_column][\/et_pb_row][et_pb_row _builder_version=&#8221;4.16&#8243; _module_preset=&#8221;default&#8221; global_colors_info=&#8221;{}&#8221;][et_pb_column type=&#8221;4_4&#8243; _builder_version=&#8221;4.16&#8243; _module_preset=&#8221;default&#8221; global_colors_info=&#8221;{}&#8221;][et_pb_text _builder_version=&#8221;4.16&#8243; _module_preset=&#8221;default&#8221; global_colors_info=&#8221;{}&#8221;]<\/p>\n<h1>FUNKCIONALNOST ZA SVAKI ZADATAK<span><\/span><\/h1>\n<p>Me\u0111ugradska vo\u017enja ili kratki izlet? \u017delite li preko granica ili kroz gradske vreve? Bez obzira gdje se nalazite, \u201era\u0161irite krila\u201c i imenujte svoj zadatak, a SX4 S-CROSS \u0107e ga s lako\u0107om obaviti. Pritom \u0107e zadovoljiti sve va\u0161e potrebe za prakti\u010dno\u0161\u0107u, udobno\u0161\u0107u i sigurno\u0161\u0107u.<\/p>\n<p>[\/et_pb_text][\/et_pb_column][\/et_pb_row][et_pb_row _builder_version=&#8221;4.16&#8243; _module_preset=&#8221;default&#8221; width=&#8221;100%&#8221; max_width=&#8221;1651px&#8221; global_colors_info=&#8221;{}&#8221;][et_pb_column type=&#8221;4_4&#8243; _builder_version=&#8221;4.16&#8243; _module_preset=&#8221;default&#8221; global_colors_info=&#8221;{}&#8221;][et_pb_image src=&#8221;https:\/\/baumgartner.hr\/suzuki\/wp-content\/uploads\/2021\/12\/gallery-slider_img1-1.jpg&#8221; title_text=&#8221;gallery-slider_img1-1&#8243; force_fullwidth=&#8221;on&#8221; _builder_version=&#8221;4.16&#8243; _module_preset=&#8221;default&#8221; global_colors_info=&#8221;{}&#8221;][\/et_pb_image][\/et_pb_column][\/et_pb_row][et_pb_row column_structure=&#8221;2_5,3_5&#8243; module_id=&#8221;sigurnost&#8221; _builder_version=&#8221;4.16&#8243; _module_preset=&#8221;default&#8221; global_colors_info=&#8221;{}&#8221;][et_pb_column type=&#8221;2_5&#8243; _builder_version=&#8221;4.16&#8243; _module_preset=&#8221;default&#8221; global_colors_info=&#8221;{}&#8221;][et_pb_text _builder_version=&#8221;4.16&#8243; _module_preset=&#8221;default&#8221; header_font=&#8221;|300|||||||&#8221; header_font_size=&#8221;50px&#8221; global_colors_info=&#8221;{}&#8221;]<\/p>\n<h1>SIGURNOST<\/h1>\n<p>U dru\u0161tvu pouzdanog pratioca, uvijek slobodno i spokojno mo\u017eete pro\u0161iriti svoje dosege, a to posebno vrijedi za novi SX4 S-CROSS, jer na svakom milimetru spoznajete kako ste dobro za\u0161ti\u0107eni i opremljeni. Kako vam novi Suzuki SX4 S-CROSS poma\u017ee na svakom milimetru puta, jednako vas \u0161titi u svakom djeli\u0107u sekunde. S preventivnim sustavima koji mogu predvidjeti i izbje\u0107i nesre\u0107u, jednako kao i sa za\u0161titnim sustavima kojim smanjujete opasnost od ozljeda.<\/p>\n<p>[\/et_pb_text][\/et_pb_column][et_pb_column type=&#8221;3_5&#8243; _builder_version=&#8221;4.16&#8243; _module_preset=&#8221;default&#8221; global_colors_info=&#8221;{}&#8221;][et_pb_image src=&#8221;https:\/\/baumgartner.hr\/suzuki\/wp-content\/uploads\/2021\/11\/key_img02-1.jpg&#8221; title_text=&#8221;key_img02&#8243; _builder_version=&#8221;4.16&#8243; _module_preset=&#8221;default&#8221; global_colors_info=&#8221;{}&#8221;][\/et_pb_image][\/et_pb_column][\/et_pb_row][\/et_pb_section]<\/p>\n","protected":false},"excerpt":{"rendered":"<p>Svojim nastupom, novi SX4 S-CROSS iskazuje \u017ee\u0111 za avanturom, dok sna\u017enim i sigurnim stavom, odra\u017eava karakter to\u010dno onakav kakav on ustvari i jest. <\/p>\n","protected":false},"author":1,"featured_media":2196,"parent":0,"menu_order":0,"comment_status":"closed","ping_status":"closed","template":"","meta":{"_acf_changed":false,"_et_pb_use_builder":"on","_et_pb_old_content":"","_et_gb_content_width":"","footnotes":""},"class_list":["post-2195","page","type-page","status-publish","has-post-thumbnail","hentry"],"acf":[],"_links":{"self":[{"href":"https:\/\/baumgartner.hr\/suzuki\/wp-json\/wp\/v2\/pages\/2195"}],"collection":[{"href":"https:\/\/baumgartner.hr\/suzuki\/wp-json\/wp\/v2\/pages"}],"about":[{"href":"https:\/\/baumgartner.hr\/suzuki\/wp-json\/wp\/v2\/types\/page"}],"author":[{"embeddable":true,"href":"https:\/\/baumgartner.hr\/suzuki\/wp-json\/wp\/v2\/users\/1"}],"replies":[{"embeddable":true,"href":"https:\/\/baumgartner.hr\/suzuki\/wp-json\/wp\/v2\/comments?post=2195"}],"version-history":[{"count":17,"href":"https:\/\/baumgartner.hr\/suzuki\/wp-json\/wp\/v2\/pages\/2195\/revisions"}],"predecessor-version":[{"id":8273,"href":"https:\/\/baumgartner.hr\/suzuki\/wp-json\/wp\/v2\/pages\/2195\/revisions\/8273"}],"wp:featuredmedia":[{"embeddable":true,"href":"https:\/\/baumgartner.hr\/suzuki\/wp-json\/wp\/v2\/media\/2196"}],"wp:attachment":[{"href":"https:\/\/baumgartner.hr\/suzuki\/wp-json\/wp\/v2\/media?parent=2195"}],"curies":[{"name":"wp","href":"https:\/\/api.w.org\/{rel}","templated":true}]}}