{"id":1962,"date":"2020-11-03T11:16:31","date_gmt":"2020-11-03T10:16:31","guid":{"rendered":"http:\/\/baumgartner.hr\/suzuki\/?page_id=1962"},"modified":"2025-10-22T09:40:28","modified_gmt":"2025-10-22T07:40:28","slug":"ac-baumgartner","status":"publish","type":"page","link":"https:\/\/baumgartner.hr\/suzuki\/","title":{"rendered":"AC Baumgartner"},"content":{"rendered":"<p>[et_pb_section fb_built=&#8221;1&#8243; _builder_version=&#8221;4.21.0&#8243; _module_preset=&#8221;default&#8221; min_height=&#8221;390px&#8221; custom_margin=&#8221;-83px|||||&#8221; custom_padding=&#8221;||5px|||&#8221; global_colors_info=&#8221;{}&#8221;][et_pb_row _builder_version=&#8221;4.27.2&#8243; _module_preset=&#8221;default&#8221; global_colors_info=&#8221;{}&#8221;][et_pb_column type=&#8221;4_4&#8243; _builder_version=&#8221;4.27.2&#8243; _module_preset=&#8221;default&#8221; global_colors_info=&#8221;{}&#8221;][et_pb_image src=&#8221;https:\/\/baumgartner.hr\/suzuki\/wp-content\/uploads\/2025\/10\/Untitled-design1.gif&#8221; title_text=&#8221;Untitled design(1)&#8221; _builder_version=&#8221;4.27.2&#8243; _module_preset=&#8221;default&#8221; global_colors_info=&#8221;{}&#8221;][\/et_pb_image][\/et_pb_column][\/et_pb_row][et_pb_row _builder_version=&#8221;4.27.2&#8243; _module_preset=&#8221;default&#8221;][et_pb_column _builder_version=&#8221;4.27.2&#8243; _module_preset=&#8221;default&#8221; type=&#8221;4_4&#8243;][et_pb_image src=&#8221;https:\/\/baumgartner.hr\/suzuki\/wp-content\/uploads\/2025\/10\/Untitled-design.gif&#8221; _builder_version=&#8221;4.27.2&#8243; _module_preset=&#8221;default&#8221; title_text=&#8221;Untitled design&#8221; disabled_on=&#8221;on|off|off&#8221; hover_enabled=&#8221;0&#8243; sticky_enabled=&#8221;0&#8243;][\/et_pb_image][\/et_pb_column][\/et_pb_row][\/et_pb_section][et_pb_section fb_built=&#8221;1&#8243; _builder_version=&#8221;4.27.2&#8243; _module_preset=&#8221;default&#8221; custom_padding=&#8221;0px|||||&#8221; global_colors_info=&#8221;{}&#8221;][et_pb_row _builder_version=&#8221;4.27.2&#8243; _module_preset=&#8221;default&#8221; global_colors_info=&#8221;{}&#8221;][et_pb_column type=&#8221;4_4&#8243; _builder_version=&#8221;4.27.2&#8243; _module_preset=&#8221;default&#8221; global_colors_info=&#8221;{}&#8221;][et_pb_text _builder_version=&#8221;4.27.2&#8243; _module_preset=&#8221;default&#8221; custom_margin=&#8221;-50px|||||&#8221; global_colors_info=&#8221;{}&#8221;]<\/p>\n<h1 class=\"tdb-title-text\">Kupite Vitaru, Swift ili S-Cross u tri rate!<\/h1>\n<p><strong>Financiranje koje vam odgovara:<\/strong><\/p>\n<ul>\n<li aria-level=\"1\">Bez kamata i tro\u0161kova obrade \u2013 U\u0161tedite odmah, bez dodatnih tro\u0161kova!<\/li>\n<li aria-level=\"1\">Odgo\u0111eno pla\u0107anje \u2013 Drugu ili tre\u0107u ratu pla\u0107ate s odgodom od jedne ili dvije godine.<\/li>\n<li aria-level=\"1\">Fiksna cijena \u2013 Za\u0161titite se od inflacije i osigurajte fiksnu cijenu za cijelo razdoblje otplate.<\/li>\n<li aria-level=\"1\">S-Cross, Vitara i Swift \u2013 3 rate uz dvogodi\u0161nju odgodu zadnje rate, tako\u0111er bez kamata, za maksimalnu fleksibilnost.<\/li>\n<\/ul>\n<p><strong>Suzuki Vitaru odvezite ve\u0107 za 21.301,66\u20ac, a platiti mo\u017eete u tri rate po 7.100,55 \u20ac<\/strong><\/p>\n<p><strong>Suzuki S-Cross odvezite ve\u0107 za 23.123,23 \u20ac, a platiti mo\u017eete u tri rate po 7.707,75 \u20ac<\/strong><\/p>\n<p><strong>Suzuki Swift odvezite ve\u0107 za 5.639,38 EUR i u\u017eivajte u dinami\u010dnoj i \u0161tedljivoj vo\u017enji svaki dan!<\/strong><\/p>\n<p>&nbsp;<\/p>\n<p>[\/et_pb_text][\/et_pb_column][\/et_pb_row][\/et_pb_section][et_pb_section fb_built=&#8221;1&#8243; custom_padding_last_edited=&#8221;on|phone&#8221; _builder_version=&#8221;4.27.2&#8243; _module_preset=&#8221;default&#8221; custom_margin=&#8221;-92px||||false|false&#8221; custom_padding=&#8221;55px||4px|||&#8221; custom_padding_tablet=&#8221;55px||4px|||&#8221; custom_padding_phone=&#8221;0px||4px||false|false&#8221; border_radii_tablet=&#8221;&#8221; border_radii_phone=&#8221;&#8221; border_radii_last_edited=&#8221;on|desktop&#8221; global_colors_info=&#8221;{}&#8221;][et_pb_row column_structure=&#8221;1_2,1_2&#8243; make_equal=&#8221;on&#8221; _builder_version=&#8221;4.27.2&#8243; _module_preset=&#8221;default&#8221; custom_margin_tablet=&#8221;&#8221; custom_margin_phone=&#8221;0px||||false|false&#8221; custom_margin_last_edited=&#8221;on|phone&#8221; custom_padding=&#8221;0px||||false|false&#8221; global_colors_info=&#8221;{}&#8221;][et_pb_column type=&#8221;1_2&#8243; _builder_version=&#8221;4.21.0&#8243; _module_preset=&#8221;default&#8221; global_colors_info=&#8221;{}&#8221;][et_pb_image src=&#8221;https:\/\/baumgartner.hr\/suzuki\/wp-content\/uploads\/2024\/09\/320-1.jpg&#8221; title_text=&#8221;320-1&#8243; _builder_version=&#8221;4.21.0&#8243; _module_preset=&#8221;default&#8221; global_colors_info=&#8221;{}&#8221;][\/et_pb_image][\/et_pb_column][et_pb_column type=&#8221;1_2&#8243; _builder_version=&#8221;4.21.0&#8243; _module_preset=&#8221;default&#8221; custom_css_main_element=&#8221;margin: auto;&#8221; global_colors_info=&#8221;{}&#8221;][et_pb_text _builder_version=&#8221;4.21.0&#8243; _module_preset=&#8221;default&#8221; global_colors_info=&#8221;{}&#8221;]<\/p>\n<p>Nova Suzuki Vitara je predstavljena! Dizajnirana da zadovolji dinami\u010dne potrebe dana\u0161njeg modernog vlasnika SUV-a u svakoj fazi njegovog \u017eivota.\u00a0 Sa sna\u017enom i odva\u017enom estetikom, potpuno nova Vitara podi\u017ee ljestvicu, dodaju\u0107i u\u010dinkovitost goriva, snagu, pogon na sva \u010detiri kota\u010da, najnovije sigurnosne performanse i komunikacijske tehnologije. Nova Vitara \u010deka Vas u salonima AC Baumgartner, \u010cakovec i Vara\u017edin.<\/p>\n<p>[\/et_pb_text][\/et_pb_column][\/et_pb_row][et_pb_row column_structure=&#8221;1_2,1_2&#8243; make_equal=&#8221;on&#8221; _builder_version=&#8221;4.27.2&#8243; _module_preset=&#8221;default&#8221; global_colors_info=&#8221;{}&#8221;][et_pb_column type=&#8221;1_2&#8243; _builder_version=&#8221;4.21.0&#8243; _module_preset=&#8221;default&#8221; custom_css_main_element=&#8221;margin: auto;&#8221; global_colors_info=&#8221;{}&#8221;][et_pb_text _builder_version=&#8221;4.27.2&#8243; _module_preset=&#8221;default&#8221; custom_margin=&#8221;||30px||false|false&#8221; global_colors_info=&#8221;{}&#8221;]<\/p>\n<p>Novi SUZUKI SWIFT, moderni dizajn, paleta od 13 boja, moderna prednja maska, novi LED svjetlosni sustav, moderna i napredna unutra\u0161njost, novi blago hibridni motor 83KS, potro\u0161nja 4,5l \/100 km, nova sjedala s pjenastom podstavom te prtlja\u017enik od 265L glavne su karakteristike ovog malog gradskog automobila.<\/p>\n<p>[\/et_pb_text][\/et_pb_column][et_pb_column type=&#8221;1_2&#8243; _builder_version=&#8221;4.27.2&#8243; _module_preset=&#8221;default&#8221; custom_padding=&#8221;||||false|false&#8221; global_colors_info=&#8221;{}&#8221;][et_pb_image src=&#8221;https:\/\/baumgartner.hr\/suzuki\/wp-content\/uploads\/2024\/06\/Novi-Swift-03.jpg&#8221; title_text=&#8221;Novi Swift 03&#8243; _builder_version=&#8221;4.21.0&#8243; _module_preset=&#8221;default&#8221; global_colors_info=&#8221;{}&#8221;][\/et_pb_image][\/et_pb_column][\/et_pb_row][\/et_pb_section][et_pb_section fb_built=&#8221;1&#8243; _builder_version=&#8221;4.21.0&#8243; _module_preset=&#8221;default&#8221; min_height=&#8221;915.3px&#8221; custom_margin=&#8221;||||false|false&#8221; custom_padding=&#8221;0px|5px||||&#8221; global_colors_info=&#8221;{}&#8221;][et_pb_row _builder_version=&#8221;4.21.0&#8243; _module_preset=&#8221;default&#8221; global_colors_info=&#8221;{}&#8221;][et_pb_column type=&#8221;4_4&#8243; _builder_version=&#8221;4.21.0&#8243; _module_preset=&#8221;default&#8221; global_colors_info=&#8221;{}&#8221;][et_pb_text _builder_version=&#8221;4.27.2&#8243; _module_preset=&#8221;default&#8221; header_text_align=&#8221;center&#8221; custom_margin=&#8221;||||false|false&#8221; custom_padding=&#8221;32px||10px|||&#8221; global_colors_info=&#8221;{}&#8221;]<\/p>\n<h1>SUZUKI MODELI<\/h1>\n<p>[\/et_pb_text][\/et_pb_column][\/et_pb_row][et_pb_row column_structure=&#8221;1_3,1_3,1_3&#8243; _builder_version=&#8221;4.21.0&#8243; _module_preset=&#8221;default&#8221; min_height=&#8221;373.1px&#8221; custom_padding=&#8221;1px|||||&#8221; global_colors_info=&#8221;{}&#8221;][et_pb_column type=&#8221;1_3&#8243; _builder_version=&#8221;4.16&#8243; _module_preset=&#8221;default&#8221; global_colors_info=&#8221;{}&#8221;][et_pb_blurb title=&#8221;VITARA&#8221; url=&#8221;https:\/\/baumgartner.hr\/suzuki\/suzuki-vitara\/&#8221; image=&#8221;https:\/\/baumgartner.hr\/suzuki\/wp-content\/uploads\/2024\/06\/319.jpg&#8221; _builder_version=&#8221;4.21.0&#8243; _module_preset=&#8221;default&#8221; header_font_size=&#8221;31px&#8221; link_option_url=&#8221;https:\/\/baumgartner.hr\/suzuki\/suzuki-vitara\/&#8221; global_colors_info=&#8221;{}&#8221;][\/et_pb_blurb][\/et_pb_column][et_pb_column type=&#8221;1_3&#8243; _builder_version=&#8221;4.16&#8243; _module_preset=&#8221;default&#8221; global_colors_info=&#8221;{}&#8221;][et_pb_blurb title=&#8221; S-CROSS&#8221; url=&#8221;https:\/\/baumgartner.hr\/suzuki\/suzuki-sx4-s-cross\/&#8221; image=&#8221;https:\/\/baumgartner.hr\/suzuki\/wp-content\/uploads\/2024\/06\/S-CROSS-01.jpg&#8221; _builder_version=&#8221;4.21.0&#8243; _module_preset=&#8221;default&#8221; header_font_size=&#8221;31px&#8221; link_option_url=&#8221;https:\/\/baumgartner.hr\/suzuki\/suzuki-sx4-s-cross\/&#8221; global_colors_info=&#8221;{}&#8221;][\/et_pb_blurb][\/et_pb_column][et_pb_column type=&#8221;1_3&#8243; _builder_version=&#8221;4.16&#8243; _module_preset=&#8221;default&#8221; global_colors_info=&#8221;{}&#8221;][et_pb_blurb title=&#8221;SWIFT&#8221; url=&#8221;https:\/\/baumgartner.hr\/suzuki\/suzuki-swift\/&#8221; image=&#8221;https:\/\/baumgartner.hr\/suzuki\/wp-content\/uploads\/2024\/06\/SWIFT-01.jpg&#8221; _builder_version=&#8221;4.21.0&#8243; _module_preset=&#8221;default&#8221; header_font_size=&#8221;31px&#8221; link_option_url=&#8221;https:\/\/baumgartner.hr\/suzuki\/suzuki-swift\/&#8221; global_colors_info=&#8221;{}&#8221;][\/et_pb_blurb][\/et_pb_column][\/et_pb_row][et_pb_row column_structure=&#8221;1_3,1_3,1_3&#8243; _builder_version=&#8221;4.16&#8243; _module_preset=&#8221;default&#8221; global_colors_info=&#8221;{}&#8221;][et_pb_column type=&#8221;1_3&#8243; _builder_version=&#8221;4.16&#8243; _module_preset=&#8221;default&#8221; global_colors_info=&#8221;{}&#8221;][et_pb_blurb title=&#8221;IGNIS&#8221; url=&#8221;https:\/\/baumgartner.hr\/suzuki\/suzuki-ignis\/&#8221; image=&#8221;https:\/\/baumgartner.hr\/suzuki\/wp-content\/uploads\/2024\/06\/IGNIS-001.jpg&#8221; _builder_version=&#8221;4.21.0&#8243; _module_preset=&#8221;default&#8221; header_font_size=&#8221;31px&#8221; link_option_url=&#8221;https:\/\/baumgartner.hr\/suzuki\/suzuki-ignis\/&#8221; global_colors_info=&#8221;{}&#8221;][\/et_pb_blurb][\/et_pb_column][et_pb_column type=&#8221;1_3&#8243; _builder_version=&#8221;4.16&#8243; _module_preset=&#8221;default&#8221; global_colors_info=&#8221;{}&#8221;][et_pb_blurb title=&#8221;SWACE&#8221; url=&#8221;https:\/\/baumgartner.hr\/suzuki\/suzuki-swace\/&#8221; image=&#8221;https:\/\/baumgartner.hr\/suzuki\/wp-content\/uploads\/2024\/06\/SWACE-001.jpg&#8221; _builder_version=&#8221;4.21.0&#8243; _module_preset=&#8221;default&#8221; header_font_size=&#8221;31px&#8221; link_option_url=&#8221;https:\/\/baumgartner.hr\/suzuki\/suzuki-swace\/&#8221; global_colors_info=&#8221;{}&#8221;][\/et_pb_blurb][\/et_pb_column][et_pb_column type=&#8221;1_3&#8243; _builder_version=&#8221;4.16&#8243; _module_preset=&#8221;default&#8221; global_colors_info=&#8221;{}&#8221;][et_pb_blurb title=&#8221;ACCROSS&#8221; url=&#8221;https:\/\/baumgartner.hr\/suzuki\/suzuki-across\/&#8221; image=&#8221;https:\/\/baumgartner.hr\/suzuki\/wp-content\/uploads\/2024\/06\/ACROSS11.jpg&#8221; _builder_version=&#8221;4.21.0&#8243; _module_preset=&#8221;default&#8221; header_font_size=&#8221;31px&#8221; link_option_url=&#8221;https:\/\/baumgartner.hr\/suzuki\/suzuki-across\/&#8221; global_colors_info=&#8221;{}&#8221;][\/et_pb_blurb][\/et_pb_column][\/et_pb_row][et_pb_row _builder_version=&#8221;4.21.0&#8243; _module_preset=&#8221;default&#8221; custom_padding=&#8221;3px|||||&#8221; global_colors_info=&#8221;{}&#8221;][et_pb_column type=&#8221;4_4&#8243; _builder_version=&#8221;4.21.0&#8243; _module_preset=&#8221;default&#8221; global_colors_info=&#8221;{}&#8221;][et_pb_video src=&#8221;https:\/\/baumgartner.hr\/suzuki\/wp-content\/uploads\/2025\/10\/VITARA-listopad2025-TVC-1.mp4&#8243; _builder_version=&#8221;4.27.2&#8243; _module_preset=&#8221;default&#8221; global_colors_info=&#8221;{}&#8221;][\/et_pb_video][et_pb_video src=&#8221;https:\/\/baumgartner.hr\/suzuki\/wp-content\/uploads\/2025\/10\/S-CROSS-listopad2025-TVC.mp4&#8243; _builder_version=&#8221;4.27.2&#8243; _module_preset=&#8221;default&#8221; global_colors_info=&#8221;{}&#8221;][\/et_pb_video][et_pb_video src=&#8221;https:\/\/baumgartner.hr\/suzuki\/wp-content\/uploads\/2025\/10\/Swift-listopad2024-17sec-1920&#215;1080-1.mp4&#8243; _builder_version=&#8221;4.27.2&#8243; _module_preset=&#8221;default&#8221; locked=&#8221;off&#8221; global_colors_info=&#8221;{}&#8221;][\/et_pb_video][\/et_pb_column][\/et_pb_row][\/et_pb_section]<\/p>\n","protected":false},"excerpt":{"rendered":"<p>Kupite Vitaru, Swift ili S-Cross u tri rate! Financiranje koje vam odgovara: Bez kamata i tro\u0161kova obrade \u2013 U\u0161tedite odmah, bez dodatnih tro\u0161kova! Odgo\u0111eno pla\u0107anje \u2013 Drugu ili tre\u0107u ratu pla\u0107ate s odgodom od jedne ili dvije godine. Fiksna cijena \u2013 Za\u0161titite se od inflacije i osigurajte fiksnu cijenu za cijelo razdoblje otplate. S-Cross, Vitara [&hellip;]<\/p>\n","protected":false},"author":1,"featured_media":0,"parent":0,"menu_order":0,"comment_status":"closed","ping_status":"closed","template":"","meta":{"_acf_changed":false,"_et_pb_use_builder":"on","_et_pb_old_content":"","_et_gb_content_width":"","footnotes":""},"class_list":["post-1962","page","type-page","status-publish","hentry"],"acf":[],"_links":{"self":[{"href":"https:\/\/baumgartner.hr\/suzuki\/wp-json\/wp\/v2\/pages\/1962"}],"collection":[{"href":"https:\/\/baumgartner.hr\/suzuki\/wp-json\/wp\/v2\/pages"}],"about":[{"href":"https:\/\/baumgartner.hr\/suzuki\/wp-json\/wp\/v2\/types\/page"}],"author":[{"embeddable":true,"href":"https:\/\/baumgartner.hr\/suzuki\/wp-json\/wp\/v2\/users\/1"}],"replies":[{"embeddable":true,"href":"https:\/\/baumgartner.hr\/suzuki\/wp-json\/wp\/v2\/comments?post=1962"}],"version-history":[{"count":163,"href":"https:\/\/baumgartner.hr\/suzuki\/wp-json\/wp\/v2\/pages\/1962\/revisions"}],"predecessor-version":[{"id":8266,"href":"https:\/\/baumgartner.hr\/suzuki\/wp-json\/wp\/v2\/pages\/1962\/revisions\/8266"}],"wp:attachment":[{"href":"https:\/\/baumgartner.hr\/suzuki\/wp-json\/wp\/v2\/media?parent=1962"}],"curies":[{"name":"wp","href":"https:\/\/api.w.org\/{rel}","templated":true}]}}